{"id":21840,"date":"2025-09-16T10:13:51","date_gmt":"2025-09-16T08:13:51","guid":{"rendered":"https:\/\/bonjour-barcelona.com\/?post_type=product&#038;p=21840"},"modified":"2025-09-16T10:13:53","modified_gmt":"2025-09-16T08:13:53","slug":"pack-nie-urgent","status":"publish","type":"product","link":"https:\/\/bonjour-barcelona.com\/en\/produit\/pack-nie-urgent\/","title":{"rendered":"PACK NIE URGENT"},"content":{"rendered":"<p><strong>Le service inclut :<span><br \/>\n<\/span><\/strong><span>\u2013\u00a0<\/span><span>Une consultation t\u00e9l\u00e9phonique afin de comprendre vos besoins et r\u00e9pondre \u00e0 vos questions;<br \/>\n\u2013 La mise en premi\u00e8re place de notre liste d&#8217;attente<br \/>\n<\/span><span>\u2013\u00a0<\/span><span>La pr\u00e9paration de tous les documents du dossier;<br \/>\n<\/span><span>\u2013 Liste des documents \u00e0 demander \u00e0 l\u2019employeur, universit\u00e9, agence immobili\u00e8re etc et si n\u00e9cessaire la coordination avec ces derniers;<br \/>\n<\/span><span>\u2013 Un document informatif comprenant les \u00e9tapes pour payer la taxe ainsi qu\u2019une check list pour \u00eatre sur de ne rien oublier avant votre rendez-vous;<br \/>\n<\/span><span>\u2013\u00a0<\/span><span>La prise de rendez-vous (cita previa) au commissariat de votre choix. Une taxe de 12 \u20ac sera \u00e0 pr\u00e9voir.<\/p>\n<p><\/span><strong>D\u00e9lais d\u2019obtention :<\/strong><span> moins de 7 Jours.<\/p>\n<p><\/span><span>La personne sollicitant le NIE devra se rendre seule au rendez-vous au commissariat de police.<\/span><\/p>\n","protected":false},"excerpt":{"rendered":"<p><span>Ce service est propos\u00e9 pour<\/span><span>\u00a0<\/span><b>toute personne n\u00e9cessitant un NIE en urgence.\u00a0<\/b><\/p>\n<p>&nbsp;<\/p>\n","protected":false},"featured_media":0,"template":"","meta":{"_monsterinsights_skip_tracking":false,"_monsterinsights_sitenote_active":false,"_monsterinsights_sitenote_note":"","_monsterinsights_sitenote_category":0},"product_brand":[],"product_cat":[],"product_tag":[],"class_list":{"0":"post-21840","1":"product","2":"type-product","3":"status-publish","6":"first","7":"instock","8":"virtual","9":"taxable","10":"purchasable","11":"product-type-simple"},"_links":{"self":[{"href":"https:\/\/bonjour-barcelona.com\/en\/wp-json\/wp\/v2\/product\/21840","targetHints":{"allow":["GET"]}}],"collection":[{"href":"https:\/\/bonjour-barcelona.com\/en\/wp-json\/wp\/v2\/product"}],"about":[{"href":"https:\/\/bonjour-barcelona.com\/en\/wp-json\/wp\/v2\/types\/product"}],"version-history":[{"count":0,"href":"https:\/\/bonjour-barcelona.com\/en\/wp-json\/wp\/v2\/product\/21840\/revisions"}],"wp:attachment":[{"href":"https:\/\/bonjour-barcelona.com\/en\/wp-json\/wp\/v2\/media?parent=21840"}],"wp:term":[{"taxonomy":"product_brand","embeddable":true,"href":"https:\/\/bonjour-barcelona.com\/en\/wp-json\/wp\/v2\/product_brand?post=21840"},{"taxonomy":"product_cat","embeddable":true,"href":"https:\/\/bonjour-barcelona.com\/en\/wp-json\/wp\/v2\/product_cat?post=21840"},{"taxonomy":"product_tag","embeddable":true,"href":"https:\/\/bonjour-barcelona.com\/en\/wp-json\/wp\/v2\/product_tag?post=21840"}],"curies":[{"name":"wp","href":"https:\/\/api.w.org\/{rel}","templated":true}]}}